{"id":5202,"date":"2023-03-12T14:46:25","date_gmt":"2023-03-12T14:46:25","guid":{"rendered":"https:\/\/profileelewacyjne.pl\/index.php\/rimsy\/"},"modified":"2023-06-29T10:43:39","modified_gmt":"2023-06-29T10:43:39","slug":"rimsy","status":"publish","type":"page","link":"https:\/\/profileelewacyjne.pl\/index.php\/rimsy\/?lang=sk","title":{"rendered":"R\u00edmsy"},"content":{"rendered":"\t\t<div data-elementor-type=\"wp-page\" data-elementor-id=\"5202\" class=\"elementor elementor-5202 elementor-4720\">\n\t\t\t\t\t\t<section class=\"elementor-section elementor-top-section elementor-element elementor-element-f280a38 elementor-section-height-min-height elementor-section-content-middle elementor-section-boxed elementor-section-height-default elementor-section-items-middle\" data-id=\"f280a38\" data-element_type=\"section\" id=\"home\" data-settings=\"{&quot;background_background&quot;:&quot;classic&quot;}\">\n\t\t\t\t\t\t\t<div class=\"elementor-background-overlay\"><\/div>\n\t\t\t\t\t\t\t<div class=\"elementor-container elementor-column-gap-default\">\n\t\t\t\t\t<div class=\"elementor-column elementor-col-100 elementor-top-column elementor-element elementor-element-2ef3c9f ot-flex-column-vertical\" data-id=\"2ef3c9f\" data-element_type=\"column\">\n\t\t\t<div class=\"elementor-widget-wrap elementor-element-populated\">\n\t\t\t\t\t\t<div class=\"elementor-element elementor-element-0a3a3c0 elementor-widget elementor-widget-heading\" data-id=\"0a3a3c0\" data-element_type=\"widget\" data-widget_type=\"heading.default\">\n\t\t\t\t<div class=\"elementor-widget-container\">\n\t\t\t\t\t<h1 class=\"elementor-heading-title elementor-size-default\">Fas\u00e1dne r\u00edmsy<\/h1>\t\t\t\t<\/div>\n\t\t\t\t<\/div>\n\t\t\t\t<div class=\"elementor-element elementor-element-178f6c6 elementor-widget elementor-widget-heading\" data-id=\"178f6c6\" data-element_type=\"widget\" data-widget_type=\"heading.default\">\n\t\t\t\t<div class=\"elementor-widget-container\">\n\t\t\t\t\t<h1 class=\"elementor-heading-title elementor-size-default\">Zv\u00fdraznenie spodnej \u010dasti okna<\/h1>\t\t\t\t<\/div>\n\t\t\t\t<\/div>\n\t\t\t\t\t<\/div>\n\t\t<\/div>\n\t\t\t\t\t<\/div>\n\t\t<\/section>\n\t\t\t\t<section class=\"elementor-section elementor-top-section elementor-element elementor-element-8543cbc elementor-section-boxed elementor-section-height-default elementor-section-height-default\" data-id=\"8543cbc\" data-element_type=\"section\">\n\t\t\t\t\t\t<div class=\"elementor-container elementor-column-gap-default\">\n\t\t\t\t\t<div class=\"elementor-column elementor-col-100 elementor-top-column elementor-element elementor-element-e2f35f0 ot-flex-column-vertical\" data-id=\"e2f35f0\" data-element_type=\"column\">\n\t\t\t<div class=\"elementor-widget-wrap elementor-element-populated\">\n\t\t\t\t\t\t<div class=\"elementor-element elementor-element-aef1b19 elementor-widget elementor-widget-text-editor\" data-id=\"aef1b19\" data-element_type=\"widget\" data-widget_type=\"text-editor.default\">\n\t\t\t\t<div class=\"elementor-widget-container\">\n\t\t\t\t\t\t\t\t\t<p>\u0160tandardn\u00e9 d\u013a\u017eky profilov s\u00fa 1500 mm alebo 2000 mm. Ostatn\u00e9 d\u013a\u017eky sa vyr\u00e1baj\u00fa na objedn\u00e1vku. \u0160tandardn\u00e9 d\u013a\u017eky profilov z\u00e1visia od  <br \/>z prepravy zasielan\u00edm, zni\u017euje riziko po\u0161kodenia profilu.<\/p>\n\t\t\t\t\t\t\t\t<\/div>\n\t\t\t\t<\/div>\n\t\t\t\t\t<\/div>\n\t\t<\/div>\n\t\t\t\t\t<\/div>\n\t\t<\/section>\n\t\t\t\t<section class=\"elementor-section elementor-top-section elementor-element elementor-element-890b6ee elementor-section-boxed elementor-section-height-default elementor-section-height-default\" data-id=\"890b6ee\" data-element_type=\"section\">\n\t\t\t\t\t\t<div class=\"elementor-container elementor-column-gap-default\">\n\t\t\t\t\t<div class=\"elementor-column elementor-col-33 elementor-top-column elementor-element elementor-element-440bf59 ot-flex-column-vertical\" data-id=\"440bf59\" data-element_type=\"column\">\n\t\t\t<div class=\"elementor-widget-wrap elementor-element-populated\">\n\t\t\t\t\t\t<div class=\"elementor-element elementor-element-9b007aa elementor-widget elementor-widget-heading\" data-id=\"9b007aa\" data-element_type=\"widget\" data-widget_type=\"heading.default\">\n\t\t\t\t<div class=\"elementor-widget-container\">\n\t\t\t\t\t<h2 class=\"elementor-heading-title elementor-size-default\">Fas\u00e1dna r\u00edmsa <b>GZ 01<\/b><\/h2>\t\t\t\t<\/div>\n\t\t\t\t<\/div>\n\t\t\t\t<div class=\"elementor-element elementor-element-b3e3c0d elementor-widget elementor-widget-image\" data-id=\"b3e3c0d\" data-element_type=\"widget\" data-widget_type=\"image.default\">\n\t\t\t\t<div class=\"elementor-widget-container\">\n\t\t\t\t\t\t\t\t\t\t\t\t\t\t\t<img fetchpriority=\"high\" decoding=\"async\" width=\"956\" height=\"425\" src=\"https:\/\/profileelewacyjne.pl\/wp-content\/uploads\/2023\/03\/GZ01.png\" class=\"attachment-large size-large wp-image-4939\" alt=\"\" srcset=\"https:\/\/profileelewacyjne.pl\/wp-content\/uploads\/2023\/03\/GZ01.png 956w, https:\/\/profileelewacyjne.pl\/wp-content\/uploads\/2023\/03\/GZ01-300x133.png 300w, https:\/\/profileelewacyjne.pl\/wp-content\/uploads\/2023\/03\/GZ01-768x341.png 768w\" sizes=\"(max-width: 956px) 100vw, 956px\" \/>\t\t\t\t\t\t\t\t\t\t\t\t\t\t\t<\/div>\n\t\t\t\t<\/div>\n\t\t\t\t<div class=\"elementor-element elementor-element-ad6dfb0 elementor-icon-list--layout-traditional elementor-list-item-link-full_width elementor-widget elementor-widget-icon-list\" data-id=\"ad6dfb0\" data-element_type=\"widget\" data-widget_type=\"icon-list.default\">\n\t\t\t\t<div class=\"elementor-widget-container\">\n\t\t\t\t\t\t\t<ul class=\"elementor-icon-list-items\">\n\t\t\t\t\t\t\t<li class=\"elementor-icon-list-item\">\n\t\t\t\t\t\t\t\t\t\t\t<span class=\"elementor-icon-list-icon\">\n\t\t\t\t\t\t\t<i aria-hidden=\"true\" class=\"fas fa-arrows-alt-h\"><\/i>\t\t\t\t\t\t<\/span>\n\t\t\t\t\t\t\t\t\t\t<span class=\"elementor-icon-list-text\">120x200mm<\/span>\n\t\t\t\t\t\t\t\t\t<\/li>\n\t\t\t\t\t\t<\/ul>\n\t\t\t\t\t\t<\/div>\n\t\t\t\t<\/div>\n\t\t\t\t\t<\/div>\n\t\t<\/div>\n\t\t\t\t<div class=\"elementor-column elementor-col-33 elementor-top-column elementor-element elementor-element-964d511 ot-flex-column-vertical\" data-id=\"964d511\" data-element_type=\"column\">\n\t\t\t<div class=\"elementor-widget-wrap elementor-element-populated\">\n\t\t\t\t\t\t<div class=\"elementor-element elementor-element-51b946d elementor-widget elementor-widget-heading\" data-id=\"51b946d\" data-element_type=\"widget\" data-widget_type=\"heading.default\">\n\t\t\t\t<div class=\"elementor-widget-container\">\n\t\t\t\t\t<h2 class=\"elementor-heading-title elementor-size-default\">Fas\u00e1dna r\u00edmsa <span style=\"font-weight: 700\">GZ 02<\/span><\/h2>\t\t\t\t<\/div>\n\t\t\t\t<\/div>\n\t\t\t\t<div class=\"elementor-element elementor-element-894f429 elementor-widget elementor-widget-image\" data-id=\"894f429\" data-element_type=\"widget\" data-widget_type=\"image.default\">\n\t\t\t\t<div class=\"elementor-widget-container\">\n\t\t\t\t\t\t\t\t\t\t\t\t\t\t\t<img decoding=\"async\" width=\"956\" height=\"425\" src=\"https:\/\/profileelewacyjne.pl\/wp-content\/uploads\/2023\/03\/GZ02.png\" class=\"attachment-large size-large wp-image-4940\" alt=\"\" srcset=\"https:\/\/profileelewacyjne.pl\/wp-content\/uploads\/2023\/03\/GZ02.png 956w, https:\/\/profileelewacyjne.pl\/wp-content\/uploads\/2023\/03\/GZ02-300x133.png 300w, https:\/\/profileelewacyjne.pl\/wp-content\/uploads\/2023\/03\/GZ02-768x341.png 768w\" sizes=\"(max-width: 956px) 100vw, 956px\" \/>\t\t\t\t\t\t\t\t\t\t\t\t\t\t\t<\/div>\n\t\t\t\t<\/div>\n\t\t\t\t<div class=\"elementor-element elementor-element-3b01c3c elementor-icon-list--layout-traditional elementor-list-item-link-full_width elementor-widget elementor-widget-icon-list\" data-id=\"3b01c3c\" data-element_type=\"widget\" data-widget_type=\"icon-list.default\">\n\t\t\t\t<div class=\"elementor-widget-container\">\n\t\t\t\t\t\t\t<ul class=\"elementor-icon-list-items\">\n\t\t\t\t\t\t\t<li class=\"elementor-icon-list-item\">\n\t\t\t\t\t\t\t\t\t\t\t<span class=\"elementor-icon-list-icon\">\n\t\t\t\t\t\t\t<i aria-hidden=\"true\" class=\"fas fa-arrows-alt-h\"><\/i>\t\t\t\t\t\t<\/span>\n\t\t\t\t\t\t\t\t\t\t<span class=\"elementor-icon-list-text\">125x260mm<\/span>\n\t\t\t\t\t\t\t\t\t<\/li>\n\t\t\t\t\t\t<\/ul>\n\t\t\t\t\t\t<\/div>\n\t\t\t\t<\/div>\n\t\t\t\t\t<\/div>\n\t\t<\/div>\n\t\t\t\t<div class=\"elementor-column elementor-col-33 elementor-top-column elementor-element elementor-element-61a9e1a ot-flex-column-vertical\" data-id=\"61a9e1a\" data-element_type=\"column\">\n\t\t\t<div class=\"elementor-widget-wrap elementor-element-populated\">\n\t\t\t\t\t\t<div class=\"elementor-element elementor-element-5e70ea0 elementor-widget elementor-widget-heading\" data-id=\"5e70ea0\" data-element_type=\"widget\" data-widget_type=\"heading.default\">\n\t\t\t\t<div class=\"elementor-widget-container\">\n\t\t\t\t\t<h2 class=\"elementor-heading-title elementor-size-default\">Fas\u00e1dna r\u00edmsa <span style=\"font-weight: 700\">GZ 03<\/span><\/h2>\t\t\t\t<\/div>\n\t\t\t\t<\/div>\n\t\t\t\t<div class=\"elementor-element elementor-element-6040c0b elementor-widget elementor-widget-image\" data-id=\"6040c0b\" data-element_type=\"widget\" data-widget_type=\"image.default\">\n\t\t\t\t<div class=\"elementor-widget-container\">\n\t\t\t\t\t\t\t\t\t\t\t\t\t\t\t<img decoding=\"async\" width=\"956\" height=\"425\" src=\"https:\/\/profileelewacyjne.pl\/wp-content\/uploads\/2023\/03\/GZ03.png\" class=\"attachment-large size-large wp-image-4941\" alt=\"\" srcset=\"https:\/\/profileelewacyjne.pl\/wp-content\/uploads\/2023\/03\/GZ03.png 956w, https:\/\/profileelewacyjne.pl\/wp-content\/uploads\/2023\/03\/GZ03-300x133.png 300w, https:\/\/profileelewacyjne.pl\/wp-content\/uploads\/2023\/03\/GZ03-768x341.png 768w\" sizes=\"(max-width: 956px) 100vw, 956px\" \/>\t\t\t\t\t\t\t\t\t\t\t\t\t\t\t<\/div>\n\t\t\t\t<\/div>\n\t\t\t\t<div class=\"elementor-element elementor-element-d845f1c elementor-icon-list--layout-traditional elementor-list-item-link-full_width elementor-widget elementor-widget-icon-list\" data-id=\"d845f1c\" data-element_type=\"widget\" data-widget_type=\"icon-list.default\">\n\t\t\t\t<div class=\"elementor-widget-container\">\n\t\t\t\t\t\t\t<ul class=\"elementor-icon-list-items\">\n\t\t\t\t\t\t\t<li class=\"elementor-icon-list-item\">\n\t\t\t\t\t\t\t\t\t\t\t<span class=\"elementor-icon-list-icon\">\n\t\t\t\t\t\t\t<i aria-hidden=\"true\" class=\"fas fa-arrows-alt-h\"><\/i>\t\t\t\t\t\t<\/span>\n\t\t\t\t\t\t\t\t\t\t<span class=\"elementor-icon-list-text\">120x185mm<\/span>\n\t\t\t\t\t\t\t\t\t<\/li>\n\t\t\t\t\t\t<\/ul>\n\t\t\t\t\t\t<\/div>\n\t\t\t\t<\/div>\n\t\t\t\t\t<\/div>\n\t\t<\/div>\n\t\t\t\t\t<\/div>\n\t\t<\/section>\n\t\t\t\t<section class=\"elementor-section elementor-top-section elementor-element elementor-element-a9c07c0 elementor-section-boxed elementor-section-height-default elementor-section-height-default\" data-id=\"a9c07c0\" data-element_type=\"section\">\n\t\t\t\t\t\t<div class=\"elementor-container elementor-column-gap-default\">\n\t\t\t\t\t<div class=\"elementor-column elementor-col-33 elementor-top-column elementor-element elementor-element-11ff86a ot-flex-column-vertical\" data-id=\"11ff86a\" data-element_type=\"column\">\n\t\t\t<div class=\"elementor-widget-wrap elementor-element-populated\">\n\t\t\t\t\t\t<div class=\"elementor-element elementor-element-728d359 elementor-widget elementor-widget-heading\" data-id=\"728d359\" data-element_type=\"widget\" data-widget_type=\"heading.default\">\n\t\t\t\t<div class=\"elementor-widget-container\">\n\t\t\t\t\t<h2 class=\"elementor-heading-title elementor-size-default\">Fas\u00e1dna r\u00edmsa <span style=\"font-weight: 700\">GZ 04<\/span><\/h2>\t\t\t\t<\/div>\n\t\t\t\t<\/div>\n\t\t\t\t<div class=\"elementor-element elementor-element-1e61eaf elementor-widget elementor-widget-image\" data-id=\"1e61eaf\" data-element_type=\"widget\" data-widget_type=\"image.default\">\n\t\t\t\t<div class=\"elementor-widget-container\">\n\t\t\t\t\t\t\t\t\t\t\t\t\t\t\t<img loading=\"lazy\" decoding=\"async\" width=\"956\" height=\"425\" src=\"https:\/\/profileelewacyjne.pl\/wp-content\/uploads\/2023\/03\/GZ04.png\" class=\"attachment-large size-large wp-image-4942\" alt=\"\" srcset=\"https:\/\/profileelewacyjne.pl\/wp-content\/uploads\/2023\/03\/GZ04.png 956w, https:\/\/profileelewacyjne.pl\/wp-content\/uploads\/2023\/03\/GZ04-300x133.png 300w, https:\/\/profileelewacyjne.pl\/wp-content\/uploads\/2023\/03\/GZ04-768x341.png 768w\" sizes=\"(max-width: 956px) 100vw, 956px\" \/>\t\t\t\t\t\t\t\t\t\t\t\t\t\t\t<\/div>\n\t\t\t\t<\/div>\n\t\t\t\t<div class=\"elementor-element elementor-element-3ad4a8a elementor-icon-list--layout-traditional elementor-list-item-link-full_width elementor-widget elementor-widget-icon-list\" data-id=\"3ad4a8a\" data-element_type=\"widget\" data-widget_type=\"icon-list.default\">\n\t\t\t\t<div class=\"elementor-widget-container\">\n\t\t\t\t\t\t\t<ul class=\"elementor-icon-list-items\">\n\t\t\t\t\t\t\t<li class=\"elementor-icon-list-item\">\n\t\t\t\t\t\t\t\t\t\t\t<span class=\"elementor-icon-list-icon\">\n\t\t\t\t\t\t\t<i aria-hidden=\"true\" class=\"fas fa-arrows-alt-h\"><\/i>\t\t\t\t\t\t<\/span>\n\t\t\t\t\t\t\t\t\t\t<span class=\"elementor-icon-list-text\">120x175mm<\/span>\n\t\t\t\t\t\t\t\t\t<\/li>\n\t\t\t\t\t\t<\/ul>\n\t\t\t\t\t\t<\/div>\n\t\t\t\t<\/div>\n\t\t\t\t\t<\/div>\n\t\t<\/div>\n\t\t\t\t<div class=\"elementor-column elementor-col-33 elementor-top-column elementor-element elementor-element-0f4bac5 ot-flex-column-vertical\" data-id=\"0f4bac5\" data-element_type=\"column\">\n\t\t\t<div class=\"elementor-widget-wrap elementor-element-populated\">\n\t\t\t\t\t\t<div class=\"elementor-element elementor-element-e2ad5ba elementor-widget elementor-widget-heading\" data-id=\"e2ad5ba\" data-element_type=\"widget\" data-widget_type=\"heading.default\">\n\t\t\t\t<div class=\"elementor-widget-container\">\n\t\t\t\t\t<h2 class=\"elementor-heading-title elementor-size-default\">Fas\u00e1dna r\u00edmsa <span style=\"font-weight: 700\">GZ 05<\/span><\/h2>\t\t\t\t<\/div>\n\t\t\t\t<\/div>\n\t\t\t\t<div class=\"elementor-element elementor-element-666f5f1 elementor-widget elementor-widget-image\" data-id=\"666f5f1\" data-element_type=\"widget\" data-widget_type=\"image.default\">\n\t\t\t\t<div class=\"elementor-widget-container\">\n\t\t\t\t\t\t\t\t\t\t\t\t\t\t\t<img loading=\"lazy\" decoding=\"async\" width=\"956\" height=\"425\" src=\"https:\/\/profileelewacyjne.pl\/wp-content\/uploads\/2023\/03\/GZ05.png\" class=\"attachment-large size-large wp-image-4943\" alt=\"\" srcset=\"https:\/\/profileelewacyjne.pl\/wp-content\/uploads\/2023\/03\/GZ05.png 956w, https:\/\/profileelewacyjne.pl\/wp-content\/uploads\/2023\/03\/GZ05-300x133.png 300w, https:\/\/profileelewacyjne.pl\/wp-content\/uploads\/2023\/03\/GZ05-768x341.png 768w\" sizes=\"(max-width: 956px) 100vw, 956px\" \/>\t\t\t\t\t\t\t\t\t\t\t\t\t\t\t<\/div>\n\t\t\t\t<\/div>\n\t\t\t\t<div class=\"elementor-element elementor-element-f2ce06e elementor-icon-list--layout-traditional elementor-list-item-link-full_width elementor-widget elementor-widget-icon-list\" data-id=\"f2ce06e\" data-element_type=\"widget\" data-widget_type=\"icon-list.default\">\n\t\t\t\t<div class=\"elementor-widget-container\">\n\t\t\t\t\t\t\t<ul class=\"elementor-icon-list-items\">\n\t\t\t\t\t\t\t<li class=\"elementor-icon-list-item\">\n\t\t\t\t\t\t\t\t\t\t\t<span class=\"elementor-icon-list-icon\">\n\t\t\t\t\t\t\t<i aria-hidden=\"true\" class=\"fas fa-arrows-alt-h\"><\/i>\t\t\t\t\t\t<\/span>\n\t\t\t\t\t\t\t\t\t\t<span class=\"elementor-icon-list-text\">120x145mm<\/span>\n\t\t\t\t\t\t\t\t\t<\/li>\n\t\t\t\t\t\t<\/ul>\n\t\t\t\t\t\t<\/div>\n\t\t\t\t<\/div>\n\t\t\t\t\t<\/div>\n\t\t<\/div>\n\t\t\t\t<div class=\"elementor-column elementor-col-33 elementor-top-column elementor-element elementor-element-d38de88 ot-flex-column-vertical\" data-id=\"d38de88\" data-element_type=\"column\">\n\t\t\t<div class=\"elementor-widget-wrap elementor-element-populated\">\n\t\t\t\t\t\t<div class=\"elementor-element elementor-element-a3f9c50 elementor-widget elementor-widget-heading\" data-id=\"a3f9c50\" data-element_type=\"widget\" data-widget_type=\"heading.default\">\n\t\t\t\t<div class=\"elementor-widget-container\">\n\t\t\t\t\t<h2 class=\"elementor-heading-title elementor-size-default\">Fas\u00e1dna r\u00edmsa <span style=\"font-weight: 700\">GZ 06<\/span><\/h2>\t\t\t\t<\/div>\n\t\t\t\t<\/div>\n\t\t\t\t<div class=\"elementor-element elementor-element-a2488ba elementor-widget elementor-widget-image\" data-id=\"a2488ba\" data-element_type=\"widget\" data-widget_type=\"image.default\">\n\t\t\t\t<div class=\"elementor-widget-container\">\n\t\t\t\t\t\t\t\t\t\t\t\t\t\t\t<img loading=\"lazy\" decoding=\"async\" width=\"956\" height=\"425\" src=\"https:\/\/profileelewacyjne.pl\/wp-content\/uploads\/2023\/03\/GZ06.png\" class=\"attachment-large size-large wp-image-4944\" alt=\"\" srcset=\"https:\/\/profileelewacyjne.pl\/wp-content\/uploads\/2023\/03\/GZ06.png 956w, https:\/\/profileelewacyjne.pl\/wp-content\/uploads\/2023\/03\/GZ06-300x133.png 300w, https:\/\/profileelewacyjne.pl\/wp-content\/uploads\/2023\/03\/GZ06-768x341.png 768w\" sizes=\"(max-width: 956px) 100vw, 956px\" \/>\t\t\t\t\t\t\t\t\t\t\t\t\t\t\t<\/div>\n\t\t\t\t<\/div>\n\t\t\t\t<div class=\"elementor-element elementor-element-53a66ea elementor-icon-list--layout-traditional elementor-list-item-link-full_width elementor-widget elementor-widget-icon-list\" data-id=\"53a66ea\" data-element_type=\"widget\" data-widget_type=\"icon-list.default\">\n\t\t\t\t<div class=\"elementor-widget-container\">\n\t\t\t\t\t\t\t<ul class=\"elementor-icon-list-items\">\n\t\t\t\t\t\t\t<li class=\"elementor-icon-list-item\">\n\t\t\t\t\t\t\t\t\t\t\t<span class=\"elementor-icon-list-icon\">\n\t\t\t\t\t\t\t<i aria-hidden=\"true\" class=\"fas fa-arrows-alt-h\"><\/i>\t\t\t\t\t\t<\/span>\n\t\t\t\t\t\t\t\t\t\t<span class=\"elementor-icon-list-text\">140x210mm<\/span>\n\t\t\t\t\t\t\t\t\t<\/li>\n\t\t\t\t\t\t<\/ul>\n\t\t\t\t\t\t<\/div>\n\t\t\t\t<\/div>\n\t\t\t\t\t<\/div>\n\t\t<\/div>\n\t\t\t\t\t<\/div>\n\t\t<\/section>\n\t\t\t\t<\/div>\n\t\t","protected":false},"excerpt":{"rendered":"<p>Fas\u00e1dne r\u00edmsy Zv\u00fdraznenie spodnej \u010dasti okna \u0160tandardn\u00e9 d\u013a\u017eky profilov s\u00fa 1500 mm alebo 2000 mm. Ostatn\u00e9 d\u013a\u017eky sa vyr\u00e1baj\u00fa na objedn\u00e1vku. \u0160tandardn\u00e9 d\u013a\u017eky profilov z\u00e1visia od z prepravy zasielan\u00edm, zni\u017euje riziko po\u0161kodenia profilu. Fas\u00e1dna r\u00edmsa GZ 01 120x200mm Fas\u00e1dna r\u00edmsa GZ 02 125x260mm Fas\u00e1dna r\u00edmsa GZ 03 120x185mm Fas\u00e1dna r\u00edmsa GZ 04 120x175mm Fas\u00e1dna r\u00edmsa [&hellip;]<\/p>\n","protected":false},"author":1,"featured_media":0,"parent":0,"menu_order":0,"comment_status":"closed","ping_status":"closed","template":"","meta":{"footnotes":""},"class_list":["post-5202","page","type-page","status-publish","hentry"],"_links":{"self":[{"href":"https:\/\/profileelewacyjne.pl\/index.php\/wp-json\/wp\/v2\/pages\/5202","targetHints":{"allow":["GET"]}}],"collection":[{"href":"https:\/\/profileelewacyjne.pl\/index.php\/wp-json\/wp\/v2\/pages"}],"about":[{"href":"https:\/\/profileelewacyjne.pl\/index.php\/wp-json\/wp\/v2\/types\/page"}],"author":[{"embeddable":true,"href":"https:\/\/profileelewacyjne.pl\/index.php\/wp-json\/wp\/v2\/users\/1"}],"replies":[{"embeddable":true,"href":"https:\/\/profileelewacyjne.pl\/index.php\/wp-json\/wp\/v2\/comments?post=5202"}],"version-history":[{"count":4,"href":"https:\/\/profileelewacyjne.pl\/index.php\/wp-json\/wp\/v2\/pages\/5202\/revisions"}],"predecessor-version":[{"id":5267,"href":"https:\/\/profileelewacyjne.pl\/index.php\/wp-json\/wp\/v2\/pages\/5202\/revisions\/5267"}],"wp:attachment":[{"href":"https:\/\/profileelewacyjne.pl\/index.php\/wp-json\/wp\/v2\/media?parent=5202"}],"curies":[{"name":"wp","href":"https:\/\/api.w.org\/{rel}","templated":true}]}}