{"id":5186,"date":"2023-03-13T14:15:12","date_gmt":"2023-03-13T14:15:12","guid":{"rendered":"https:\/\/profileelewacyjne.pl\/index.php\/kontakt\/"},"modified":"2023-07-07T13:20:14","modified_gmt":"2023-07-07T13:20:14","slug":"kontakt","status":"publish","type":"page","link":"https:\/\/profileelewacyjne.pl\/index.php\/kontakt\/?lang=sk","title":{"rendered":"Kontakt"},"content":{"rendered":"\t\t<div data-elementor-type=\"wp-page\" data-elementor-id=\"5186\" class=\"elementor elementor-5186 elementor-4986\">\n\t\t\t\t\t\t<section class=\"elementor-section elementor-top-section elementor-element elementor-element-f280a38 elementor-section-height-min-height elementor-section-content-middle elementor-section-boxed elementor-section-height-default elementor-section-items-middle\" data-id=\"f280a38\" data-element_type=\"section\" id=\"home\" data-settings=\"{&quot;background_background&quot;:&quot;classic&quot;}\">\n\t\t\t\t\t\t\t<div class=\"elementor-background-overlay\"><\/div>\n\t\t\t\t\t\t\t<div class=\"elementor-container elementor-column-gap-default\">\n\t\t\t\t\t<div class=\"elementor-column elementor-col-100 elementor-top-column elementor-element elementor-element-2ef3c9f ot-flex-column-vertical\" data-id=\"2ef3c9f\" data-element_type=\"column\">\n\t\t\t<div class=\"elementor-widget-wrap elementor-element-populated\">\n\t\t\t\t\t\t<div class=\"elementor-element elementor-element-0a3a3c0 elementor-widget elementor-widget-heading\" data-id=\"0a3a3c0\" data-element_type=\"widget\" data-widget_type=\"heading.default\">\n\t\t\t\t<div class=\"elementor-widget-container\">\n\t\t\t\t\t<h1 class=\"elementor-heading-title elementor-size-default\">Kontakt<\/h1>\t\t\t\t<\/div>\n\t\t\t\t<\/div>\n\t\t\t\t\t<\/div>\n\t\t<\/div>\n\t\t\t\t\t<\/div>\n\t\t<\/section>\n\t\t\t\t<section class=\"elementor-section elementor-top-section elementor-element elementor-element-924e53d elementor-section-boxed elementor-section-height-default elementor-section-height-default\" data-id=\"924e53d\" data-element_type=\"section\">\n\t\t\t\t\t\t<div class=\"elementor-container elementor-column-gap-default\">\n\t\t\t\t\t<div class=\"elementor-column elementor-col-33 elementor-top-column elementor-element elementor-element-3aa7844 ot-flex-column-vertical\" data-id=\"3aa7844\" data-element_type=\"column\">\n\t\t\t<div class=\"elementor-widget-wrap elementor-element-populated\">\n\t\t\t\t\t\t<div class=\"elementor-element elementor-element-f4137c3 elementor-widget elementor-widget-icontact_info\" data-id=\"f4137c3\" data-element_type=\"widget\" data-widget_type=\"icontact_info.default\">\n\t\t\t\t<div class=\"elementor-widget-container\">\n\t\t\t\t\t\t    \t<div class=\"contact-info\">\r\n\t\t        \t\t        \t<i aria-hidden=\"true\" class=\"fas fa-map-marker-alt\"><\/i>\t\t        \t\t\t    \r\n\t\t\t    \t\t        \r\n\t\t        <div class=\"info-text\">\r\n\t\t        \t<h6>HAUS Deco<\/h6>\t\t        \t<p>Priemyseln\u00e1 3416<br>\n085 01 Bardejov<br><br>\n\nI\u010cO: 37117513\n<\/p>\t\t        <\/div>\r\n\t\t    <\/div>\r\n\t    \t\t\t\t<\/div>\n\t\t\t\t<\/div>\n\t\t\t\t\t<\/div>\n\t\t<\/div>\n\t\t\t\t<div class=\"elementor-column elementor-col-33 elementor-top-column elementor-element elementor-element-a964a1e ot-flex-column-vertical\" data-id=\"a964a1e\" data-element_type=\"column\">\n\t\t\t<div class=\"elementor-widget-wrap elementor-element-populated\">\n\t\t\t\t\t\t<div class=\"elementor-element elementor-element-0cacbc7 elementor-widget elementor-widget-icontact_info\" data-id=\"0cacbc7\" data-element_type=\"widget\" data-widget_type=\"icontact_info.default\">\n\t\t\t\t<div class=\"elementor-widget-container\">\n\t\t\t\t\t\t    \t<div class=\"contact-info\">\r\n\t\t        \t\t        \t<i aria-hidden=\"true\" class=\"fas fa-phone-alt\"><\/i>\t\t        \t\t\t    \r\n\t\t\t    \t\t        \r\n\t\t        <div class=\"info-text\">\r\n\t\t        \t<h6>Telef\u00f3n:<\/h6>\t\t        \t<p>+421 905 509 979<\/p>\t\t        <\/div>\r\n\t\t    <\/div>\r\n\t    \t\t\t\t<\/div>\n\t\t\t\t<\/div>\n\t\t\t\t<div class=\"elementor-element elementor-element-ca14afe elementor-widget elementor-widget-icontact_info\" data-id=\"ca14afe\" data-element_type=\"widget\" data-widget_type=\"icontact_info.default\">\n\t\t\t\t<div class=\"elementor-widget-container\">\n\t\t\t\t\t\t    \t<div class=\"contact-info\">\r\n\t\t        \t\t        \t<i aria-hidden=\"true\" class=\"far fa-envelope\"><\/i>\t\t        \t\t\t    \r\n\t\t\t    \t\t        \r\n\t\t        <div class=\"info-text\">\r\n\t\t        \t<h6>E-mail<\/h6>\t\t        \t<p>hausbj@gmail.com<\/p>\t\t        <\/div>\r\n\t\t    <\/div>\r\n\t    \t\t\t\t<\/div>\n\t\t\t\t<\/div>\n\t\t\t\t<div class=\"elementor-element elementor-element-25b5398 elementor-widget elementor-widget-icontact_info\" data-id=\"25b5398\" data-element_type=\"widget\" data-widget_type=\"icontact_info.default\">\n\t\t\t\t<div class=\"elementor-widget-container\">\n\t\t\t\t\t\t    \t<div class=\"contact-info\">\r\n\t\t        \t\t        \t<i aria-hidden=\"true\" class=\"far fa-clock\"><\/i>\t\t        \t\t\t    \r\n\t\t\t    \t\t        \r\n\t\t        <div class=\"info-text\">\r\n\t\t        \t<h6>Otv\u00e1racie hodiny:<\/h6>\t\t        \t<p>Pondelok a\u017e Piatok: 8:00 \u2013 15:30<br>\nSobota a Nede\u013ea: zatvoren\u00e9<\/p>\t\t        <\/div>\r\n\t\t    <\/div>\r\n\t    \t\t\t\t<\/div>\n\t\t\t\t<\/div>\n\t\t\t\t\t<\/div>\n\t\t<\/div>\n\t\t\t\t<div class=\"elementor-column elementor-col-33 elementor-top-column elementor-element elementor-element-5eac2e9 ot-flex-column-vertical\" data-id=\"5eac2e9\" data-element_type=\"column\">\n\t\t\t<div class=\"elementor-widget-wrap elementor-element-populated\">\n\t\t\t\t\t\t<div class=\"elementor-element elementor-element-f49333d elementor-widget elementor-widget-google_maps\" data-id=\"f49333d\" data-element_type=\"widget\" data-widget_type=\"google_maps.default\">\n\t\t\t\t<div class=\"elementor-widget-container\">\n\t\t\t\t\t\t\t<div class=\"elementor-custom-embed\">\n\t\t\t<iframe loading=\"lazy\"\n\t\t\t\t\tsrc=\"https:\/\/maps.google.com\/maps?q=Priemyseln%C3%A1%203416%20085%2001%20Bardejov&#038;t=m&#038;z=10&#038;output=embed&#038;iwloc=near\"\n\t\t\t\t\ttitle=\"Priemyseln\u00e1 3416 085 01 Bardejov\"\n\t\t\t\t\taria-label=\"Priemyseln\u00e1 3416 085 01 Bardejov\"\n\t\t\t><\/iframe>\n\t\t<\/div>\n\t\t\t\t\t\t<\/div>\n\t\t\t\t<\/div>\n\t\t\t\t\t<\/div>\n\t\t<\/div>\n\t\t\t\t\t<\/div>\n\t\t<\/section>\n\t\t\t\t<\/div>\n\t\t","protected":false},"excerpt":{"rendered":"<p>Kontakt HAUS Deco Priemyseln\u00e1 3416 085 01 Bardejov I\u010cO: 37117513 Telef\u00f3n: +421 905 509 979 E-mail hausbj@gmail.com Otv\u00e1racie hodiny: Pondelok a\u017e Piatok: 8:00 \u2013 15:30 Sobota a Nede\u013ea: zatvoren\u00e9<\/p>\n","protected":false},"author":1,"featured_media":0,"parent":0,"menu_order":0,"comment_status":"closed","ping_status":"closed","template":"","meta":{"footnotes":""},"class_list":["post-5186","page","type-page","status-publish","hentry"],"_links":{"self":[{"href":"https:\/\/profileelewacyjne.pl\/index.php\/wp-json\/wp\/v2\/pages\/5186","targetHints":{"allow":["GET"]}}],"collection":[{"href":"https:\/\/profileelewacyjne.pl\/index.php\/wp-json\/wp\/v2\/pages"}],"about":[{"href":"https:\/\/profileelewacyjne.pl\/index.php\/wp-json\/wp\/v2\/types\/page"}],"author":[{"embeddable":true,"href":"https:\/\/profileelewacyjne.pl\/index.php\/wp-json\/wp\/v2\/users\/1"}],"replies":[{"embeddable":true,"href":"https:\/\/profileelewacyjne.pl\/index.php\/wp-json\/wp\/v2\/comments?post=5186"}],"version-history":[{"count":7,"href":"https:\/\/profileelewacyjne.pl\/index.php\/wp-json\/wp\/v2\/pages\/5186\/revisions"}],"predecessor-version":[{"id":5272,"href":"https:\/\/profileelewacyjne.pl\/index.php\/wp-json\/wp\/v2\/pages\/5186\/revisions\/5272"}],"wp:attachment":[{"href":"https:\/\/profileelewacyjne.pl\/index.php\/wp-json\/wp\/v2\/media?parent=5186"}],"curies":[{"name":"wp","href":"https:\/\/api.w.org\/{rel}","templated":true}]}}